{"id":17,"date":"2016-01-11T23:24:17","date_gmt":"2016-01-11T22:24:17","guid":{"rendered":"http:\/\/mediationspraxis-bern.ch\/?page_id=17"},"modified":"2023-12-02T14:50:04","modified_gmt":"2023-12-02T13:50:04","slug":"portrait-urs-matare","status":"publish","type":"page","link":"https:\/\/mediationspraxis-bern.ch\/index.php\/portrait-urs-matare\/","title":{"rendered":"Portrait Urs Matar\u00e9"},"content":{"rendered":"<h1>Urs Matar\u00e9<\/h1>\n<div>\n<div><\/div>\n<p><img decoding=\"async\" loading=\"lazy\" class=\"alignnone size-full wp-image-73\" src=\"http:\/\/mediationspraxis-bern.ch\/wp-content\/uploads\/2016\/01\/5675fef8fe7af4f7629fb29873e4ef8f.jpg\" alt=\"5675fef8fe7af4f7629fb29873e4ef8f\" width=\"750\" height=\"798\" srcset=\"https:\/\/mediationspraxis-bern.ch\/wp-content\/uploads\/2016\/01\/5675fef8fe7af4f7629fb29873e4ef8f.jpg 750w, https:\/\/mediationspraxis-bern.ch\/wp-content\/uploads\/2016\/01\/5675fef8fe7af4f7629fb29873e4ef8f-282x300.jpg 282w, https:\/\/mediationspraxis-bern.ch\/wp-content\/uploads\/2016\/01\/5675fef8fe7af4f7629fb29873e4ef8f-700x745.jpg 700w\" sizes=\"(max-width: 750px) 100vw, 750px\" \/><\/p>\n<p><strong>Mediator FSM<\/strong><\/p>\n<p><strong>2008 Certificate of Advanced Studies (CAS) in Mediation in und zwischen Organisationen an der Berner Fachhochschule \u2013 Kompetenzzentrum Mediation und Konfliktmanagement BFH, Bern, Anerkennung durch die FSM (FEDERATION SUISSE MEDIATION).<\/strong><\/p>\n<div>\n<p><strong>Weiterbildung in Mediation in Nachbarschaft und Gemeinwesen, Interkulturelle Mediation, Stressmanagement.<\/strong><\/p>\n<p><strong>Mediationserfahrung in und zwischen Organisationen, in der Bau-, Planungs- und Immobilienbranche, im Nachbarschaftskontext.<br \/>\n<\/strong><strong>Langj\u00e4hrige Berufserfahrung als Treuh\u00e4nder im Immobilienbereich und als Arbeitgeber KMU. Diverse Gesch\u00e4ftsf\u00fchrungsmandate.<\/strong><\/p>\n<\/div>\n<\/div>\n","protected":false},"excerpt":{"rendered":"<p>Urs Matar\u00e9 Mediator FSM 2008 Certificate of Advanced Studies (CAS) in Mediation in und zwischen Organisationen an der Berner Fachhochschule \u2013 Kompetenzzentrum Mediation und Konfliktmanagement BFH, Bern, Anerkennung durch die FSM (FEDERATION SUISSE MEDIATION). Weiterbildung in Mediation in Nachbarschaft und Gemeinwesen, Interkulturelle Mediation, Stressmanagement. Mediationserfahrung&#8230;<\/p>\n","protected":false},"author":1,"featured_media":62,"parent":0,"menu_order":0,"comment_status":"closed","ping_status":"closed","template":"","meta":[],"_links":{"self":[{"href":"https:\/\/mediationspraxis-bern.ch\/index.php\/wp-json\/wp\/v2\/pages\/17"}],"collection":[{"href":"https:\/\/mediationspraxis-bern.ch\/index.php\/wp-json\/wp\/v2\/pages"}],"about":[{"href":"https:\/\/mediationspraxis-bern.ch\/index.php\/wp-json\/wp\/v2\/types\/page"}],"author":[{"embeddable":true,"href":"https:\/\/mediationspraxis-bern.ch\/index.php\/wp-json\/wp\/v2\/users\/1"}],"replies":[{"embeddable":true,"href":"https:\/\/mediationspraxis-bern.ch\/index.php\/wp-json\/wp\/v2\/comments?post=17"}],"version-history":[{"count":26,"href":"https:\/\/mediationspraxis-bern.ch\/index.php\/wp-json\/wp\/v2\/pages\/17\/revisions"}],"predecessor-version":[{"id":218,"href":"https:\/\/mediationspraxis-bern.ch\/index.php\/wp-json\/wp\/v2\/pages\/17\/revisions\/218"}],"wp:featuredmedia":[{"embeddable":true,"href":"https:\/\/mediationspraxis-bern.ch\/index.php\/wp-json\/wp\/v2\/media\/62"}],"wp:attachment":[{"href":"https:\/\/mediationspraxis-bern.ch\/index.php\/wp-json\/wp\/v2\/media?parent=17"}],"curies":[{"name":"wp","href":"https:\/\/api.w.org\/{rel}","templated":true}]}}