{"id":2,"date":"2016-01-08T00:12:34","date_gmt":"2016-01-07T23:12:34","guid":{"rendered":"http:\/\/mediationspraxis-bern.ch\/?page_id=2"},"modified":"2016-02-07T23:01:21","modified_gmt":"2016-02-07T22:01:21","slug":"home","status":"publish","type":"page","link":"https:\/\/mediationspraxis-bern.ch\/","title":{"rendered":"Warum Mediation?"},"content":{"rendered":"<div>\n<h1>Warum Mediation?<\/h1>\n<p>&nbsp;<\/p>\n<\/div>\n<p><strong>Der Methode der Mediation liegt die Idee zu Grunde, dass die Konfliktbeteiligten selbst am besten in der Lage sind, L\u00f6sungen zu finden, welche auf ihre Bed\u00fcrfnisse zugeschnitten sind, weil sie ihren Konflikt detailliert kennen. Menschen verf\u00fcgen in Konfliktsituationen prinzipiell \u00fcber die F\u00e4higkeit, ihre Anliegen zu erkennen und zu \u00e4ussern. Mediation er\u00f6ffnet dabei neue Wege der Kommunikation, in der die pers\u00f6nliche Integrit\u00e4t und der Respekt sowie die Wertsch\u00e4tzung f\u00fcr einander gewahrt bleiben.<\/strong><\/p>\n<p><img decoding=\"async\" loading=\"lazy\" class=\"alignnone wp-image-89 size-full\" src=\"http:\/\/mediationspraxis-bern.ch\/wp-content\/uploads\/2016\/01\/c9375394c59597d75284f6459a55bc62-1.jpg\" alt=\"c9375394c59597d75284f6459a55bc62\" width=\"750\" height=\"562\" srcset=\"https:\/\/mediationspraxis-bern.ch\/wp-content\/uploads\/2016\/01\/c9375394c59597d75284f6459a55bc62-1.jpg 750w, https:\/\/mediationspraxis-bern.ch\/wp-content\/uploads\/2016\/01\/c9375394c59597d75284f6459a55bc62-1-300x225.jpg 300w, https:\/\/mediationspraxis-bern.ch\/wp-content\/uploads\/2016\/01\/c9375394c59597d75284f6459a55bc62-1-700x525.jpg 700w\" sizes=\"(max-width: 750px) 100vw, 750px\" \/><\/p>\n","protected":false},"excerpt":{"rendered":"<p>Warum Mediation? &nbsp; Der Methode der Mediation liegt die Idee zu Grunde, dass die Konfliktbeteiligten selbst am besten in der Lage sind, L\u00f6sungen zu finden, welche auf ihre Bed\u00fcrfnisse zugeschnitten sind, weil sie ihren Konflikt detailliert kennen. Menschen verf\u00fcgen in Konfliktsituationen prinzipiell \u00fcber die F\u00e4higkeit,&#8230;<\/p>\n","protected":false},"author":1,"featured_media":64,"parent":0,"menu_order":0,"comment_status":"closed","ping_status":"closed","template":"","meta":[],"_links":{"self":[{"href":"https:\/\/mediationspraxis-bern.ch\/index.php\/wp-json\/wp\/v2\/pages\/2"}],"collection":[{"href":"https:\/\/mediationspraxis-bern.ch\/index.php\/wp-json\/wp\/v2\/pages"}],"about":[{"href":"https:\/\/mediationspraxis-bern.ch\/index.php\/wp-json\/wp\/v2\/types\/page"}],"author":[{"embeddable":true,"href":"https:\/\/mediationspraxis-bern.ch\/index.php\/wp-json\/wp\/v2\/users\/1"}],"replies":[{"embeddable":true,"href":"https:\/\/mediationspraxis-bern.ch\/index.php\/wp-json\/wp\/v2\/comments?post=2"}],"version-history":[{"count":11,"href":"https:\/\/mediationspraxis-bern.ch\/index.php\/wp-json\/wp\/v2\/pages\/2\/revisions"}],"predecessor-version":[{"id":141,"href":"https:\/\/mediationspraxis-bern.ch\/index.php\/wp-json\/wp\/v2\/pages\/2\/revisions\/141"}],"wp:featuredmedia":[{"embeddable":true,"href":"https:\/\/mediationspraxis-bern.ch\/index.php\/wp-json\/wp\/v2\/media\/64"}],"wp:attachment":[{"href":"https:\/\/mediationspraxis-bern.ch\/index.php\/wp-json\/wp\/v2\/media?parent=2"}],"curies":[{"name":"wp","href":"https:\/\/api.w.org\/{rel}","templated":true}]}}