{"id":41,"date":"2016-01-11T23:26:49","date_gmt":"2016-01-11T22:26:49","guid":{"rendered":"http:\/\/mediationspraxis-bern.ch\/?page_id=41"},"modified":"2016-02-07T22:50:44","modified_gmt":"2016-02-07T21:50:44","slug":"supervision","status":"publish","type":"page","link":"https:\/\/mediationspraxis-bern.ch\/index.php\/supervision\/","title":{"rendered":"Supervision"},"content":{"rendered":"<div>\n<div>\n<h1>Supervision<\/h1>\n<p>&nbsp;<\/p>\n<p><strong>Sie sind Mediatorin\/Mediator und m\u00f6chten Ihre Mediationsarbeit mittels Supervision reflektieren.<\/strong><\/p>\n<p><strong>Sie sind in Ausbildung zur Mediatorin, zum Mediator und haben bereits einen ersten Fall, den Sie besprechen m\u00f6chten. Oder Sie haben erste Mediationssitzungen durchgef\u00fchrt und ben\u00f6tigen eine Supervision zur Begleitung, \u00dcberpr\u00fcfung und Reflexion Ihrer Mediationsarbeit.<\/strong><\/p>\n<p><strong>Sie sind eine Intervisionsgruppe und m\u00f6chten zur Vertiefung ab und zu eine Supervisorin beiziehen.<\/strong><\/p>\n<p><strong>Als Mediatorin mit langj\u00e4hriger Berufspraxis (haupts\u00e4chlich in Familienmediation) biete ich Ihnen professionelle Supervision an.<\/strong><\/p>\n<p>&nbsp;<\/p>\n<\/div>\n<\/div>\n<div class=\"spaceBeforeCP\"><\/div>\n<p><a class=\"phpwcmsMailtoLink\" href=\"mailto:info@mediationspraxis-bern.ch?subject=Anfrage%20Mediation\">&gt;Anfrage<\/a><\/p>\n","protected":false},"excerpt":{"rendered":"<p>Supervision &nbsp; Sie sind Mediatorin\/Mediator und m\u00f6chten Ihre Mediationsarbeit mittels Supervision reflektieren. Sie sind in Ausbildung zur Mediatorin, zum Mediator und haben bereits einen ersten Fall, den Sie besprechen m\u00f6chten. Oder Sie haben erste Mediationssitzungen durchgef\u00fchrt und ben\u00f6tigen eine Supervision zur Begleitung, \u00dcberpr\u00fcfung und Reflexion&#8230;<\/p>\n","protected":false},"author":1,"featured_media":0,"parent":0,"menu_order":0,"comment_status":"closed","ping_status":"closed","template":"","meta":[],"_links":{"self":[{"href":"https:\/\/mediationspraxis-bern.ch\/index.php\/wp-json\/wp\/v2\/pages\/41"}],"collection":[{"href":"https:\/\/mediationspraxis-bern.ch\/index.php\/wp-json\/wp\/v2\/pages"}],"about":[{"href":"https:\/\/mediationspraxis-bern.ch\/index.php\/wp-json\/wp\/v2\/types\/page"}],"author":[{"embeddable":true,"href":"https:\/\/mediationspraxis-bern.ch\/index.php\/wp-json\/wp\/v2\/users\/1"}],"replies":[{"embeddable":true,"href":"https:\/\/mediationspraxis-bern.ch\/index.php\/wp-json\/wp\/v2\/comments?post=41"}],"version-history":[{"count":4,"href":"https:\/\/mediationspraxis-bern.ch\/index.php\/wp-json\/wp\/v2\/pages\/41\/revisions"}],"predecessor-version":[{"id":127,"href":"https:\/\/mediationspraxis-bern.ch\/index.php\/wp-json\/wp\/v2\/pages\/41\/revisions\/127"}],"wp:attachment":[{"href":"https:\/\/mediationspraxis-bern.ch\/index.php\/wp-json\/wp\/v2\/media?parent=41"}],"curies":[{"name":"wp","href":"https:\/\/api.w.org\/{rel}","templated":true}]}}